{"id":22,"date":"2019-09-25T13:47:55","date_gmt":"2019-09-25T11:47:55","guid":{"rendered":"https:\/\/testroma.renovabis.sk\/?page_id=22"},"modified":"2025-02-12T18:48:10","modified_gmt":"2025-02-12T16:48:10","slug":"na-stiahnutie","status":"publish","type":"page","link":"https:\/\/roma.renovabis.sk\/?page_id=22","title":{"rendered":"Na stiahnutie"},"content":{"rendered":"<div class='w3eden'><!-- WPDM Link Template: Default Template -->\n\n<div class=\"link-template-default card mb-2\">\n    <div class=\"card-body\">\n        <div class=\"media\">\n            <div class=\"mr-3 img-48\"><img decoding=\"async\" class=\"wpdm_icon\" alt=\"Ikona\" src=\"https:\/\/roma.renovabis.sk\/wp-content\/plugins\/download-manager\/assets\/file-type-icons\/pdf.svg\" \/><\/div>\n            <div class=\"media-body\">\n                <h3 class=\"package-title\"><a href='https:\/\/roma.renovabis.sk\/?wpdmpro=zoznam-schvalenych-projektov-2024-2025'>Zoznam schv\u00e1len\u00fdch projektov 2024\/2025<\/a><\/h3>\n                <div class=\"text-muted text-small\"><i class=\"fas fa-copy\"><\/i> 1 s\u00fabor(y) <i class=\"fas fa-hdd ml-3\"><\/i> 100.14 KB<\/div>\n            <\/div>\n            <div class=\"ml-3\">\n                <a class='wpdm-download-link download-on-click btn btn-primary ' rel='nofollow' href='#' data-downloadurl=\"https:\/\/roma.renovabis.sk\/?wpdmpro=zoznam-schvalenych-projektov-2024-2025&wpdmdl=386&refresh=69defed77c08c1776221911\">Stiahnu\u0165<\/a>\n            <\/div>\n        <\/div>\n    <\/div>\n<\/div>\n\n<\/div>\n<div class='w3eden'><!-- WPDM Link Template: Default Template -->\n\n<div class=\"link-template-default card mb-2\">\n    <div class=\"card-body\">\n        <div class=\"media\">\n            <div class=\"mr-3 img-48\"><img decoding=\"async\" class=\"wpdm_icon\" alt=\"Ikona\" src=\"https:\/\/roma.renovabis.sk\/wp-content\/plugins\/download-manager\/assets\/file-type-icons\/pdf.svg\" \/><\/div>\n            <div class=\"media-body\">\n                <h3 class=\"package-title\"><a href='https:\/\/roma.renovabis.sk\/?wpdmpro=2024-2025-vyzva-na-podavanie-projektov'>2024-2025 - V\u00fdzva na pod\u00e1vanie projektov<\/a><\/h3>\n                <div class=\"text-muted text-small\"><i class=\"fas fa-copy\"><\/i> 1 s\u00fabor(y) <i class=\"fas fa-hdd ml-3\"><\/i> 148 KB<\/div>\n            <\/div>\n            <div class=\"ml-3\">\n                <a class='wpdm-download-link download-on-click btn btn-primary ' rel='nofollow' href='#' data-downloadurl=\"https:\/\/roma.renovabis.sk\/?wpdmpro=2024-2025-vyzva-na-podavanie-projektov&wpdmdl=362&refresh=69defed77e45d1776221911\">Stiahnu\u0165<\/a>\n            <\/div>\n        <\/div>\n    <\/div>\n<\/div>\n\n<\/div>\n<div class='w3eden'><!-- WPDM Link Template: Default Template -->\n\n<div class=\"link-template-default card mb-2\">\n    <div class=\"card-body\">\n        <div class=\"media\">\n            <div class=\"mr-3 img-48\"><img decoding=\"async\" class=\"wpdm_icon\" alt=\"Ikona\" src=\"https:\/\/roma.renovabis.sk\/wp-content\/plugins\/download-manager\/assets\/file-type-icons\/pdf.svg\" \/><\/div>\n            <div class=\"media-body\">\n                <h3 class=\"package-title\"><a href='https:\/\/roma.renovabis.sk\/?wpdmpro=2024-2025-znasobenie-darov-individualnych-darcov-modelovy-vypocet'>2024-2025 - Zn\u00e1sobenie darov individu\u00e1lnych darcov (modelov\u00fd v\u00fdpo\u010det)<\/a><\/h3>\n                <div class=\"text-muted text-small\"><i class=\"fas fa-copy\"><\/i> 1 s\u00fabor(y) <i class=\"fas fa-hdd ml-3\"><\/i> 109 KB<\/div>\n            <\/div>\n            <div class=\"ml-3\">\n                <a class='wpdm-download-link download-on-click btn btn-primary ' rel='nofollow' href='#' data-downloadurl=\"https:\/\/roma.renovabis.sk\/?wpdmpro=2024-2025-znasobenie-darov-individualnych-darcov-modelovy-vypocet&wpdmdl=363&refresh=69defed77f9aa1776221911\">Stiahnu\u0165<\/a>\n            <\/div>\n        <\/div>\n    <\/div>\n<\/div>\n\n<\/div>\n<div class='w3eden'><!-- WPDM Link Template: Default Template -->\n\n<div class=\"link-template-default card mb-2\">\n    <div class=\"card-body\">\n        <div class=\"media\">\n            <div class=\"mr-3 img-48\"><img decoding=\"async\" class=\"wpdm_icon\" alt=\"Ikona\" src=\"https:\/\/roma.renovabis.sk\/wp-content\/plugins\/download-manager\/assets\/file-type-icons\/pdf.svg\" \/><\/div>\n            <div class=\"media-body\">\n                <h3 class=\"package-title\"><a href='https:\/\/roma.renovabis.sk\/?wpdmpro=2024-2025-offline-formular-projektovej-ziadosti'>2024-2025 - Offline formul\u00e1r projektovej \u017eiadosti<\/a><\/h3>\n                <div class=\"text-muted text-small\"><i class=\"fas fa-copy\"><\/i> 1 s\u00fabor(y) <i class=\"fas fa-hdd ml-3\"><\/i> 39 KB<\/div>\n            <\/div>\n            <div class=\"ml-3\">\n                <a class='wpdm-download-link download-on-click btn btn-primary ' rel='nofollow' href='#' data-downloadurl=\"https:\/\/roma.renovabis.sk\/?wpdmpro=2024-2025-offline-formular-projektovej-ziadosti&wpdmdl=364&refresh=69defed780eab1776221911\">Stiahnu\u0165<\/a>\n            <\/div>\n        <\/div>\n    <\/div>\n<\/div>\n\n<\/div>\n<div class='w3eden'><!-- WPDM Link Template: Default Template -->\n\n<div class=\"link-template-default card mb-2\">\n    <div class=\"card-body\">\n        <div class=\"media\">\n            <div class=\"mr-3 img-48\"><img decoding=\"async\" class=\"wpdm_icon\" alt=\"Ikona\" src=\"https:\/\/roma.renovabis.sk\/wp-content\/plugins\/download-manager\/assets\/file-type-icons\/pdf.svg\" \/><\/div>\n            <div class=\"media-body\">\n                <h3 class=\"package-title\"><a href='https:\/\/roma.renovabis.sk\/?wpdmpro=2024-2025-zoznam-priloh-projektovej-ziadosti'>2024-2025 - Zoznam pr\u00edloh projektovej \u017eiadosti<\/a><\/h3>\n                <div class=\"text-muted text-small\"><i class=\"fas fa-copy\"><\/i> 1 s\u00fabor(y) <i class=\"fas fa-hdd ml-3\"><\/i> 115 KB<\/div>\n            <\/div>\n            <div class=\"ml-3\">\n                <a class='wpdm-download-link download-on-click btn btn-primary ' rel='nofollow' href='#' data-downloadurl=\"https:\/\/roma.renovabis.sk\/?wpdmpro=2024-2025-zoznam-priloh-projektovej-ziadosti&wpdmdl=365&refresh=69defed78239b1776221911\">Stiahnu\u0165<\/a>\n            <\/div>\n        <\/div>\n    <\/div>\n<\/div>\n\n<\/div>\n<div class='w3eden'><!-- WPDM Link Template: Default Template -->\n\n<div class=\"link-template-default card mb-2\">\n    <div class=\"card-body\">\n        <div class=\"media\">\n            <div class=\"mr-3 img-48\"><img decoding=\"async\" class=\"wpdm_icon\" alt=\"Ikona\" src=\"https:\/\/roma.renovabis.sk\/wp-content\/plugins\/download-manager\/assets\/file-type-icons\/pdf.svg\" \/><\/div>\n            <div class=\"media-body\">\n                <h3 class=\"package-title\"><a href='https:\/\/roma.renovabis.sk\/?wpdmpro=2024-2025-hodnotiace-kriteria-pre-odborne-hodnotenie-koordinatora'>2024-2025 - Hodnotiace krit\u00e9ri\u00e1 pre odborn\u00e9 hodnotenie koordin\u00e1tora<\/a><\/h3>\n                <div class=\"text-muted text-small\"><i class=\"fas fa-copy\"><\/i> 1 s\u00fabor(y) <i class=\"fas fa-hdd ml-3\"><\/i> 80 KB<\/div>\n            <\/div>\n            <div class=\"ml-3\">\n                <a class='wpdm-download-link download-on-click btn btn-primary ' rel='nofollow' href='#' data-downloadurl=\"https:\/\/roma.renovabis.sk\/?wpdmpro=2024-2025-hodnotiace-kriteria-pre-odborne-hodnotenie-koordinatora&wpdmdl=366&refresh=69defed7838bd1776221911\">Stiahnu\u0165<\/a>\n            <\/div>\n        <\/div>\n    <\/div>\n<\/div>\n\n<\/div>\n<div class='w3eden'><!-- WPDM Link Template: Default Template -->\n\n<div class=\"link-template-default card mb-2\">\n    <div class=\"card-body\">\n        <div class=\"media\">\n            <div class=\"mr-3 img-48\"><img decoding=\"async\" class=\"wpdm_icon\" alt=\"Ikona\" src=\"https:\/\/roma.renovabis.sk\/wp-content\/plugins\/download-manager\/assets\/file-type-icons\/pdf.svg\" \/><\/div>\n            <div class=\"media-body\">\n                <h3 class=\"package-title\"><a href='https:\/\/roma.renovabis.sk\/?wpdmpro=2024-2025-prirucka-pre-ziadatela-verzia-5-0'>2024-2025 - Pr\u00edru\u010dka pre \u017eiadate\u013ea verzia 5.0<\/a><\/h3>\n                <div class=\"text-muted text-small\"><i class=\"fas fa-copy\"><\/i> 1 s\u00fabor(y) <i class=\"fas fa-hdd ml-3\"><\/i> 440 KB<\/div>\n            <\/div>\n            <div class=\"ml-3\">\n                <a class='wpdm-download-link download-on-click btn btn-primary ' rel='nofollow' href='#' data-downloadurl=\"https:\/\/roma.renovabis.sk\/?wpdmpro=2024-2025-prirucka-pre-ziadatela-verzia-5-0&wpdmdl=367&refresh=69defed784dc61776221911\">Stiahnu\u0165<\/a>\n            <\/div>\n        <\/div>\n    <\/div>\n<\/div>\n\n<\/div>\n<div class='w3eden'><!-- WPDM Link Template: Default Template -->\n\n<div class=\"link-template-default card mb-2\">\n    <div class=\"card-body\">\n        <div class=\"media\">\n            <div class=\"mr-3 img-48\"><img decoding=\"async\" class=\"wpdm_icon\" alt=\"Ikona\" src=\"https:\/\/roma.renovabis.sk\/wp-content\/plugins\/download-manager\/assets\/file-type-icons\/pdf.svg\" \/><\/div>\n            <div class=\"media-body\">\n                <h3 class=\"package-title\"><a href='https:\/\/roma.renovabis.sk\/?wpdmpro=2023-2024-zoznam-schvalenych-projektov'>2023-2024 - Zoznam schv\u00e1len\u00fdch projektov<\/a><\/h3>\n                <div class=\"text-muted text-small\"><i class=\"fas fa-copy\"><\/i> 1 s\u00fabor(y) <i class=\"fas fa-hdd ml-3\"><\/i> 107 KB<\/div>\n            <\/div>\n            <div class=\"ml-3\">\n                <a class='wpdm-download-link download-on-click btn btn-primary ' rel='nofollow' href='#' data-downloadurl=\"https:\/\/roma.renovabis.sk\/?wpdmpro=2023-2024-zoznam-schvalenych-projektov&wpdmdl=369&refresh=69defed7862ca1776221911\">Stiahnu\u0165<\/a>\n            <\/div>\n        <\/div>\n    <\/div>\n<\/div>\n\n<\/div>\n<p>&nbsp;<\/p>\n","protected":false},"excerpt":{"rendered":"<p>&nbsp;<\/p>\n","protected":false},"author":1,"featured_media":0,"parent":0,"menu_order":0,"comment_status":"closed","ping_status":"closed","template":"","meta":{"footnotes":""},"class_list":["post-22","page","type-page","status-publish","hentry"],"_links":{"self":[{"href":"https:\/\/roma.renovabis.sk\/index.php?rest_route=\/wp\/v2\/pages\/22"}],"collection":[{"href":"https:\/\/roma.renovabis.sk\/index.php?rest_route=\/wp\/v2\/pages"}],"about":[{"href":"https:\/\/roma.renovabis.sk\/index.php?rest_route=\/wp\/v2\/types\/page"}],"author":[{"embeddable":true,"href":"https:\/\/roma.renovabis.sk\/index.php?rest_route=\/wp\/v2\/users\/1"}],"replies":[{"embeddable":true,"href":"https:\/\/roma.renovabis.sk\/index.php?rest_route=%2Fwp%2Fv2%2Fcomments&post=22"}],"version-history":[{"count":9,"href":"https:\/\/roma.renovabis.sk\/index.php?rest_route=\/wp\/v2\/pages\/22\/revisions"}],"predecessor-version":[{"id":387,"href":"https:\/\/roma.renovabis.sk\/index.php?rest_route=\/wp\/v2\/pages\/22\/revisions\/387"}],"wp:attachment":[{"href":"https:\/\/roma.renovabis.sk\/index.php?rest_route=%2Fwp%2Fv2%2Fmedia&parent=22"}],"curies":[{"name":"wp","href":"https:\/\/api.w.org\/{rel}","templated":true}]}}